{"id":353,"date":"2023-12-01T20:42:35","date_gmt":"2023-12-01T20:42:35","guid":{"rendered":"https:\/\/andrealeitner.com\/?page_id=353"},"modified":"2024-02-07T10:25:57","modified_gmt":"2024-02-07T10:25:57","slug":"jobs","status":"publish","type":"page","link":"https:\/\/andrealeitner.com\/de\/jobs\/","title":{"rendered":"Jobs"},"content":{"rendered":"<div class=\"wp-block-cover alignfull is-light top-shadow\" style=\"margin-top:0;min-height:50vh;aspect-ratio:unset;\"><span aria-hidden=\"true\" class=\"wp-block-cover__background has-background-dim-0 has-background-dim\"><\/span><img decoding=\"async\" width=\"1920\" height=\"1080\" class=\"wp-block-cover__image-background wp-image-355\" alt=\"\" src=\"https:\/\/andrealeitner.com\/content\/uploads\/2023\/12\/jobs-headerbild.jpg\" style=\"object-position:49% 100%\" data-object-fit=\"cover\" data-object-position=\"49% 100%\" srcset=\"https:\/\/andrealeitner.com\/content\/uploads\/2023\/12\/jobs-headerbild.jpg 1920w, https:\/\/andrealeitner.com\/content\/uploads\/2023\/12\/jobs-headerbild-800x450.jpg 800w, https:\/\/andrealeitner.com\/content\/uploads\/2023\/12\/jobs-headerbild-1280x720.jpg 1280w, https:\/\/andrealeitner.com\/content\/uploads\/2023\/12\/jobs-headerbild-768x432.jpg 768w, https:\/\/andrealeitner.com\/content\/uploads\/2023\/12\/jobs-headerbild-1536x864.jpg 1536w\" sizes=\"(max-width: 1920px) 100vw, 1920px\" \/><div class=\"wp-block-cover__inner-container has-global-padding is-layout-constrained wp-block-cover-is-layout-constrained\">\n<p class=\"has-text-align-center has-large-font-size\"><\/p>\n<\/div><\/div>\n\n\n\n<h2 class=\"wp-block-heading has-text-align-center herz\" style=\"margin-top:var(--wp--preset--spacing--30);margin-bottom:var(--wp--preset--spacing--10)\">Jobs<\/h2>\n\n\n\n<div class=\"wp-block-group has-global-padding is-layout-constrained wp-container-core-group-is-layout-753e365e wp-block-group-is-layout-constrained\" style=\"margin-top:0;margin-bottom:var(--wp--preset--spacing--40)\">\n<p class=\"has-text-align-center\">Du suchst eine neue Herausforderung?<br>Wir freuen uns \u00fcber deine Bewerbung!<\/p>\n\n\n\n<div class=\"wp-block-dgdev-dgdev-jobs\"><h3 class=\"job-title\">Praktikant(in) \u2013 m\/w\/d<\/h3><div class=\"job-description\">\n<p>Du m\u00f6chtest erste Erfahrungen in einer international t\u00e4tigen Kommunikationsagentur sammeln? Du bist neugierig, kreativ, liebst es zu kommunizieren und m\u00f6chtest unser Team unterst\u00fctzen, um so in den unterschiedlichsten Bereichen einen ersten Einblick zu bekommen? Dann freuen wir uns auf deine Bewerbung!<\/p>\n\n\n\n<p>Ab 30 Wochenstunden (4-6 Monate)<\/p>\n\n\n\n<div class=\"wp-block-buttons is-content-justification-center is-layout-flex wp-container-core-buttons-is-layout-a89b3969 wp-block-buttons-is-layout-flex\">\n<div class=\"wp-block-button has-custom-font-size is-style-outline has-medium-font-size is-style-outline--1\" style=\"text-transform:uppercase\"><a class=\"wp-block-button__link wp-element-button\" href=\"mailto:info@andrealeitner.com\">Apply Now<\/a><\/div>\n<\/div>\n<\/div><\/div>\n<\/div>","protected":false},"excerpt":{"rendered":"<p>Jobs Du suchst eine neue Herausforderung?Wir freuen uns \u00fcber deine Bewerbung!<\/p>\n","protected":false},"author":1,"featured_media":0,"parent":0,"menu_order":0,"comment_status":"closed","ping_status":"closed","template":"page-wide","meta":{"inline_featured_image":false,"_uag_custom_page_level_css":"","footnotes":""},"class_list":["post-353","page","type-page","status-publish","hentry"],"yoast_head":"<!-- This site is optimized with the Yoast SEO plugin v26.9 - https:\/\/yoast.com\/product\/yoast-seo-wordpress\/ -->\n<title>Jobs - Andrea Leitner Communications<\/title>\n<meta name=\"robots\" content=\"index, follow, max-snippet:-1, max-image-preview:large, max-video-preview:-1\" \/>\n<link rel=\"canonical\" href=\"https:\/\/andrealeitner.com\/de\/jobs\/\" \/>\n<meta property=\"og:locale\" content=\"de_DE\" \/>\n<meta property=\"og:type\" content=\"article\" \/>\n<meta property=\"og:title\" content=\"Jobs - Andrea Leitner Communications\" \/>\n<meta property=\"og:description\" content=\"Jobs Du suchst eine neue Herausforderung?Wir freuen uns \u00fcber deine Bewerbung!\" \/>\n<meta property=\"og:url\" content=\"https:\/\/andrealeitner.com\/de\/jobs\/\" \/>\n<meta property=\"og:site_name\" content=\"Andrea Leitner Communications\" \/>\n<meta property=\"article:publisher\" content=\"https:\/\/www.facebook.com\/andrealeitnercommunications\/\" \/>\n<meta property=\"article:modified_time\" content=\"2024-02-07T10:25:57+00:00\" \/>\n<meta property=\"og:image\" content=\"https:\/\/andrealeitner.com\/content\/uploads\/2023\/12\/jobs-headerbild.jpg\" \/>\n<meta name=\"twitter:card\" content=\"summary_large_image\" \/>\n<meta name=\"twitter:label1\" content=\"Gesch\u00e4tzte Lesezeit\" \/>\n\t<meta name=\"twitter:data1\" content=\"1\u00a0Minute\" \/>\n<script type=\"application\/ld+json\" class=\"yoast-schema-graph\">{\"@context\":\"https:\/\/schema.org\",\"@graph\":[{\"@type\":\"WebPage\",\"@id\":\"https:\/\/andrealeitner.com\/de\/jobs\/\",\"url\":\"https:\/\/andrealeitner.com\/de\/jobs\/\",\"name\":\"Jobs - Andrea Leitner Communications\",\"isPartOf\":{\"@id\":\"https:\/\/andrealeitner.com\/de\/#website\"},\"primaryImageOfPage\":{\"@id\":\"https:\/\/andrealeitner.com\/de\/jobs\/#primaryimage\"},\"image\":{\"@id\":\"https:\/\/andrealeitner.com\/jobs\/#primaryimage\"},\"thumbnailUrl\":\"https:\/\/andrealeitner.com\/content\/uploads\/2023\/12\/jobs-headerbild.jpg\",\"datePublished\":\"2023-12-01T20:42:35+00:00\",\"dateModified\":\"2024-02-07T10:25:57+00:00\",\"breadcrumb\":{\"@id\":\"https:\/\/andrealeitner.com\/de\/jobs\/#breadcrumb\"},\"inLanguage\":\"de\",\"potentialAction\":[{\"@type\":\"ReadAction\",\"target\":[[\"https:\/\/andrealeitner.com\/de\/jobs\/\"]]}]},{\"@type\":\"ImageObject\",\"inLanguage\":\"de\",\"@id\":\"https:\/\/andrealeitner.com\/de\/jobs\/#primaryimage\",\"url\":\"https:\/\/andrealeitner.com\/content\/uploads\/2023\/12\/jobs-headerbild.jpg\",\"contentUrl\":\"https:\/\/andrealeitner.com\/content\/uploads\/2023\/12\/jobs-headerbild.jpg\"},{\"@type\":\"BreadcrumbList\",\"@id\":\"https:\/\/andrealeitner.com\/de\/jobs\/#breadcrumb\",\"itemListElement\":[{\"@type\":\"ListItem\",\"position\":1,\"name\":\"Startseite\",\"item\":\"https:\/\/andrealeitner.com\/de\/\"},{\"@type\":\"ListItem\",\"position\":2,\"name\":\"Jobs\"}]},{\"@type\":\"WebSite\",\"@id\":\"https:\/\/andrealeitner.com\/de\/#website\",\"url\":\"https:\/\/andrealeitner.com\/de\/\",\"name\":\"Andrea Leitner Communications\",\"description\":\"\",\"publisher\":{\"@id\":\"https:\/\/andrealeitner.com\/de\/#organization\"},\"potentialAction\":[{\"@type\":\"SearchAction\",\"target\":{\"@type\":\"EntryPoint\",\"urlTemplate\":\"https:\/\/andrealeitner.com\/de\/?s={search_term_string}\"},\"query-input\":{\"@type\":\"PropertyValueSpecification\",\"valueRequired\":true,\"valueName\":\"search_term_string\"}}],\"inLanguage\":\"de\"},{\"@type\":\"Organization\",\"@id\":\"https:\/\/andrealeitner.com\/de\/#organization\",\"name\":\"Andrea Leitner Communications\",\"url\":\"https:\/\/andrealeitner.com\/de\/\",\"logo\":{\"@type\":\"ImageObject\",\"inLanguage\":\"de\",\"@id\":\"https:\/\/andrealeitner.com\/de\/#\/schema\/logo\/image\/\",\"url\":\"https:\/\/andrealeitner.com\/content\/uploads\/2023\/12\/AndreaLeitner-Logo-1.svg\",\"contentUrl\":\"https:\/\/andrealeitner.com\/content\/uploads\/2023\/12\/AndreaLeitner-Logo-1.svg\",\"caption\":\"Andrea Leitner Communications\"},\"image\":{\"@id\":\"https:\/\/andrealeitner.com\/de\/#\/schema\/logo\/image\/\"},\"sameAs\":[\"https:\/\/www.facebook.com\/andrealeitnercommunications\/\",\"https:\/\/www.instagram.com\/andrealeitner_communications\/\",\"https:\/\/www.linkedin.com\/company\/andrea-leitner-communications\/\"]}]}<\/script>\n<!-- \/ Yoast SEO plugin. -->","yoast_head_json":{"title":"Jobs - Andrea Leitner Communications","robots":{"index":"index","follow":"follow","max-snippet":"max-snippet:-1","max-image-preview":"max-image-preview:large","max-video-preview":"max-video-preview:-1"},"canonical":"https:\/\/andrealeitner.com\/de\/jobs\/","og_locale":"de_DE","og_type":"article","og_title":"Jobs - Andrea Leitner Communications","og_description":"Jobs Du suchst eine neue Herausforderung?Wir freuen uns \u00fcber deine Bewerbung!","og_url":"https:\/\/andrealeitner.com\/de\/jobs\/","og_site_name":"Andrea Leitner Communications","article_publisher":"https:\/\/www.facebook.com\/andrealeitnercommunications\/","article_modified_time":"2024-02-07T10:25:57+00:00","og_image":[{"url":"https:\/\/andrealeitner.com\/content\/uploads\/2023\/12\/jobs-headerbild.jpg","type":"","width":"","height":""}],"twitter_card":"summary_large_image","twitter_misc":{"Gesch\u00e4tzte Lesezeit":"1\u00a0Minute"},"schema":{"@context":"https:\/\/schema.org","@graph":[{"@type":"WebPage","@id":"https:\/\/andrealeitner.com\/de\/jobs\/","url":"https:\/\/andrealeitner.com\/de\/jobs\/","name":"Jobs - Andrea Leitner Communications","isPartOf":{"@id":"https:\/\/andrealeitner.com\/de\/#website"},"primaryImageOfPage":{"@id":"https:\/\/andrealeitner.com\/de\/jobs\/#primaryimage"},"image":{"@id":"https:\/\/andrealeitner.com\/jobs\/#primaryimage"},"thumbnailUrl":"https:\/\/andrealeitner.com\/content\/uploads\/2023\/12\/jobs-headerbild.jpg","datePublished":"2023-12-01T20:42:35+00:00","dateModified":"2024-02-07T10:25:57+00:00","breadcrumb":{"@id":"https:\/\/andrealeitner.com\/de\/jobs\/#breadcrumb"},"inLanguage":"de","potentialAction":[{"@type":"ReadAction","target":[["https:\/\/andrealeitner.com\/de\/jobs\/"]]}]},{"@type":"ImageObject","inLanguage":"de","@id":"https:\/\/andrealeitner.com\/de\/jobs\/#primaryimage","url":"https:\/\/andrealeitner.com\/content\/uploads\/2023\/12\/jobs-headerbild.jpg","contentUrl":"https:\/\/andrealeitner.com\/content\/uploads\/2023\/12\/jobs-headerbild.jpg"},{"@type":"BreadcrumbList","@id":"https:\/\/andrealeitner.com\/de\/jobs\/#breadcrumb","itemListElement":[{"@type":"ListItem","position":1,"name":"Startseite","item":"https:\/\/andrealeitner.com\/de\/"},{"@type":"ListItem","position":2,"name":"Jobs"}]},{"@type":"WebSite","@id":"https:\/\/andrealeitner.com\/de\/#website","url":"https:\/\/andrealeitner.com\/de\/","name":"Andrea Leitner Communications","description":"","publisher":{"@id":"https:\/\/andrealeitner.com\/de\/#organization"},"potentialAction":[{"@type":"SearchAction","target":{"@type":"EntryPoint","urlTemplate":"https:\/\/andrealeitner.com\/de\/?s={search_term_string}"},"query-input":{"@type":"PropertyValueSpecification","valueRequired":true,"valueName":"search_term_string"}}],"inLanguage":"de"},{"@type":"Organization","@id":"https:\/\/andrealeitner.com\/de\/#organization","name":"Andrea Leitner Communications","url":"https:\/\/andrealeitner.com\/de\/","logo":{"@type":"ImageObject","inLanguage":"de","@id":"https:\/\/andrealeitner.com\/de\/#\/schema\/logo\/image\/","url":"https:\/\/andrealeitner.com\/content\/uploads\/2023\/12\/AndreaLeitner-Logo-1.svg","contentUrl":"https:\/\/andrealeitner.com\/content\/uploads\/2023\/12\/AndreaLeitner-Logo-1.svg","caption":"Andrea Leitner Communications"},"image":{"@id":"https:\/\/andrealeitner.com\/de\/#\/schema\/logo\/image\/"},"sameAs":["https:\/\/www.facebook.com\/andrealeitnercommunications\/","https:\/\/www.instagram.com\/andrealeitner_communications\/","https:\/\/www.linkedin.com\/company\/andrea-leitner-communications\/"]}]}},"uagb_featured_image_src":{"full":false,"thumbnail":false,"medium":false,"medium_large":false,"large":false,"1536x1536":false,"2048x2048":false},"uagb_author_info":{"display_name":"dgdev","author_link":"https:\/\/andrealeitner.com\/de\/author\/dgdev\/"},"uagb_comment_info":0,"uagb_excerpt":"Jobs Du suchst eine neue Herausforderung?Wir freuen uns \u00fcber deine Bewerbung!","_links":{"self":[{"href":"https:\/\/andrealeitner.com\/de\/wp-json\/wp\/v2\/pages\/353","targetHints":{"allow":["GET"]}}],"collection":[{"href":"https:\/\/andrealeitner.com\/de\/wp-json\/wp\/v2\/pages"}],"about":[{"href":"https:\/\/andrealeitner.com\/de\/wp-json\/wp\/v2\/types\/page"}],"author":[{"embeddable":true,"href":"https:\/\/andrealeitner.com\/de\/wp-json\/wp\/v2\/users\/1"}],"replies":[{"embeddable":true,"href":"https:\/\/andrealeitner.com\/de\/wp-json\/wp\/v2\/comments?post=353"}],"version-history":[{"count":27,"href":"https:\/\/andrealeitner.com\/de\/wp-json\/wp\/v2\/pages\/353\/revisions"}],"predecessor-version":[{"id":986,"href":"https:\/\/andrealeitner.com\/de\/wp-json\/wp\/v2\/pages\/353\/revisions\/986"}],"wp:attachment":[{"href":"https:\/\/andrealeitner.com\/de\/wp-json\/wp\/v2\/media?parent=353"}],"curies":[{"name":"wp","href":"https:\/\/api.w.org\/{rel}","templated":true}]}}